{"id":1176,"date":"2018-12-28T13:57:54","date_gmt":"2018-12-28T13:57:54","guid":{"rendered":"http:\/\/democontent.codex-themes.com\/sites\/logistics\/?page_id=40"},"modified":"2024-12-09T10:13:36","modified_gmt":"2024-12-09T10:13:36","slug":"our-company","status":"publish","type":"page","link":"https:\/\/endurides.com\/en\/our-company\/","title":{"rendered":"About Endurides"},"content":{"rendered":"<p>[vc_row equal_height=&#8221;yes&#8221; content_placement=&#8221;middle&#8221; disable_custom_paddings_tablet=&#8221;true&#8221; disable_custom_paddings_mobile=&#8221;true&#8221;][vc_column width=&#8221;1\/2&#8243;][vc_column_text]<\/p>\n<h3>Our philosophy<\/h3>\n<p>Our goal is to evolve the enduro sport, to create customer focused programs and to develop an active and responsible enduro community worldwide.<\/p>\n<p>As our client, we provide you different training sessions, events and accommodations for not only improving your enduro skills but also making unforgettable memories.<\/p>\n<p>Besides our main focus of having fun while riding, hospitality and high-level service quality are of huge importance to us. Everyone should feel like a part of our Endurides family. Our well-planned daily programs which are hosted by friendly and skilled guides make it possible to provide an individual experience based on the needs of each customer.[\/vc_column_text][vc_row_inner el_class=&#8221;image_mobile&#8221;][vc_column_inner][vc_empty_space height=&#8221;30px&#8221;]<div class=\"gem-image gem-wrapbox gem-wrapbox-style-default gem-wrapbox-position-below\"  style=\"width: 0px;height: 0px;\"><div class=\"gem-wrapbox-inner \" ><a href=\"https:\/\/endurides.com\/wp-content\/uploads\/2021\/01\/Endurides-2020-30-von-72.jpg\" class=\"fancybox\"><img class=\"gem-wrapbox-element img-responsive\" src=\"https:\/\/endurides.com\/wp-content\/uploads\/2021\/01\/Endurides-2020-30-von-72.jpg\" alt=\"\"\/><\/a><\/div><\/div>[\/vc_column_inner][\/vc_row_inner][\/vc_column][vc_column width=&#8221;1\/2&#8243; css_animation=&#8221;fadeIn&#8221; css=&#8221;.vc_custom_1612177742173{padding-top: 0px !important;background-image: url(https:\/\/endurides.com\/wp-content\/uploads\/2021\/01\/Endurides-2020-web.jpg?id=1365) !important;background-position: center !important;background-repeat: no-repeat !important;background-size: cover !important;}&#8221; offset=&#8221;vc_hidden-sm vc_hidden-xs&#8221;][\/vc_column][\/vc_row][vc_row equal_height=&#8221;yes&#8221; content_placement=&#8221;middle&#8221; css=&#8221;.vc_custom_1612165952581{margin-top: 100px !important;margin-bottom: 50px !important;}&#8221;][vc_column width=&#8221;1\/2&#8243; css_animation=&#8221;fadeIn&#8221; css=&#8221;.vc_custom_1612177754801{padding-top: 0px !important;background-image: url(https:\/\/endurides.com\/wp-content\/uploads\/2021\/01\/Endurides-2020-11-von-72.jpg?id=1102) !important;background-position: center !important;background-repeat: no-repeat !important;background-size: cover !important;}&#8221; offset=&#8221;vc_hidden-sm vc_hidden-xs&#8221;][\/vc_column][vc_column width=&#8221;1\/2&#8243;][vc_empty_space height=&#8221;30px&#8221;][vc_column_text css=&#8221;.vc_custom_1618655207057{margin-top: -10px !important;padding-left: 20px !important;}&#8221;]<\/p>\n<h3>Our vision<\/h3>\n<p>Endurides sets high standards which is the reason why we are on the way to becoming the leading enduro tour operator in the whole region. Endurides works end-to-end with the local community. Sustainability, ecological responsibility and a friendly cooperation with the residents are very important for us.<\/p>\n<p>We love our sport and live for it. That\u2019s why we always want to behave respectfully in order to be able to organize enduro tours in harmony with Istria and its habitants.<\/p>\n<p>Marko has spent thousands of hours on the bike through numerous trainings and races.<\/p>\n<p>Whether you are an Enduro beginner or simply want to improve your skills &#8211; Marko will ensure your individual and unique experience. He is always willing to help with all his experience to provide you an experience almost like a real enduro pro.[\/vc_column_text][\/vc_column][\/vc_row][vc_row full_width=&#8221;stretch_row&#8221; equal_height=&#8221;yes&#8221; css=&#8221;.vc_custom_1586444041960{margin-bottom: 0px !important;background-color: #f0f3f2 !important;}&#8221;][vc_column el_class=&#8221;z-index&#8221;][vc_row_inner css=&#8221;.vc_custom_1565165677068{margin-bottom: 0px !important;}&#8221;][vc_column_inner offset=&#8221;vc_col-lg-12&#8243;][vc_column_text css=&#8221;.vc_custom_1618655246382{margin-bottom: 0px !important;padding-top: 5% !important;padding-bottom: 5% !important;}&#8221;]<\/p>\n<div class=\"title-h2\" style=\"text-align: center;\"><span class=\"light\">MEET <span style=\"font-family: Montserrat;\"><b>THE TEAM<\/b><\/span><\/span><\/div>\n<p>[\/vc_column_text][\/vc_column_inner][\/vc_row_inner][vc_row_inner][vc_column_inner width=&#8221;1\/3&#8243; css=&#8221;.vc_custom_1612182628711{margin-right: 5px !important;padding-top: 5% !important;padding-right: 7% !important;padding-bottom: 5% !important;padding-left: 7% !important;background-color: #ffffff !important;border-radius: 15px !important;}&#8221;]<div class=\"centered-box gem-image-centered-box\"><div class=\"gem-image gem-wrapbox gem-wrapbox-style-14 gem-wrapbox-position-centered\"  style=\"width: 250px;height: 0px;\"><div class=\"gem-wrapbox-inner \" ><img class=\"gem-wrapbox-element img-responsive\" src=\"https:\/\/endurides.com\/wp-content\/uploads\/2021\/02\/enduride_bw52057_01.jpg\" alt=\"\"\/><\/div><\/div><\/div>[vc_column_text]<\/p>\n<div class=\"team-person-name title-h4\" style=\"text-align: center;\">MARKO PRODAN<\/div>\n<div class=\"team-person-position date-color small-body\" style=\"text-align: center;\">His many years of experience and his profound knowledge of the enduro sport built the base for the idea of founding Endurides. For this purpose, he has created various enduro tours with different levels of difficulty over the years, so now there is a tour for every difficulty level.<\/div>\n<div class=\"team-person-email\" style=\"text-align: center;\"><\/div>\n<div class=\"small-body\" style=\"text-align: center;\"><strong>Languages:<\/strong> German, English, Croatian, Italian<\/div>\n<p>[\/vc_column_text]<div class=\"gem-icon-with-text gem-icon-with-text-icon-size-small centered-box\" ><div style=\"margin-bottom:0px;margin-top:0px; \" class=\"gem-icon-with-text-icon\"><div class=\"gem-icon gem-icon-pack-material gem-icon-size-small  gem-icon-shape-square gem-simple-icon\"  style=\"opacity: 1;\"><div class=\"gem-icon-inner\" style=\"\"><span class=\"gem-icon-half-1\" style=\"\"><span class=\"back-angle\">&#xf57f;<\/span><\/span><span class=\"gem-icon-half-2\" style=\"\"><span class=\"back-angle\">&#xf57f;<\/span><\/span><\/div><\/div><\/div><div class=\"gem-icon-with-text-content\" ><div class=\"gem-icon-with-text-text\">[vc_column_text]<\/p>\n<div class=\"small-body\" style=\"text-align: center;\">4x national enduro champion<br \/>\n2x 3rd Red Bull Romaniacs Silver Class<br \/>\nISDE Germany silver medalist &#8230;<\/div>\n<p>[\/vc_column_text]<\/div><\/div><div class=\"clearboth\"><\/div><\/div><div class=\"socials socials-list socials-colored-hover socials-rounded socials-alignment-center\"><a class=\"socials-item\" target=\"_blank\" href=\"http:\/\/facebook.com\/marko.prodan\" style=\"color: #3f99ff;\"><i class=\"socials-item-icon facebook\" style=\"font-size: 30px\"><\/i><\/a><a class=\"socials-item\" target=\"_blank\" href=\"https:\/\/www.instagram.com\/endurides\/\" style=\"color: #3f99ff;\"><i class=\"socials-item-icon instagram\" style=\"font-size: 30px\"><\/i><\/a><\/div>[\/vc_column_inner][vc_column_inner width=&#8221;1\/3&#8243; css=&#8221;.vc_custom_1612182643176{margin-left: 5px !important;padding-top: 5% !important;padding-right: 7% !important;padding-bottom: 5% !important;padding-left: 7% !important;background-color: #f9f9f9 !important;border-radius: 15px !important;}&#8221;]<div class=\"centered-box gem-image-centered-box\"><div class=\"gem-image gem-wrapbox gem-wrapbox-style-14 gem-wrapbox-position-centered\"  style=\"width: 250px;height: 0px;\"><div class=\"gem-wrapbox-inner \" ><img class=\"gem-wrapbox-element img-responsive\" src=\"https:\/\/endurides.com\/wp-content\/uploads\/2021\/02\/dino_01.jpg\" alt=\"\"\/><\/div><\/div><\/div>[vc_column_text]<\/p>\n<div class=\"team-person-name title-h4\" style=\"text-align: center;\">DINO SAMAR\u017dIJA<\/div>\n<div class=\"team-person-position date-color small-body\" style=\"text-align: center;\">\n<p>Dino is a skilled enduro guide, he is very familiar with the region and always has a smile on his face. In particular, he has the ability to custom each tour to the individual needs of his clients. He can adjust the difficulty of the tours at ay time to ensure maximum riding pleasure at any time.<\/p>\n<\/div>\n<div class=\"small-body\" style=\"text-align: center;\"><\/div>\n<div class=\"small-body\" style=\"text-align: center;\"><strong>Languages:<\/strong> German, English, Croatian<\/div>\n<p>[\/vc_column_text]<div class=\"gem-icon-with-text gem-icon-with-text-icon-size-small centered-box\" ><div style=\"margin-bottom:0px;margin-top:0px; \" class=\"gem-icon-with-text-icon\"><div class=\"gem-icon gem-icon-pack-material gem-icon-size-small  gem-icon-shape-square gem-simple-icon\"  style=\"opacity: 1;\"><div class=\"gem-icon-inner\" style=\"\"><span class=\"gem-icon-half-1\" style=\"\"><span class=\"back-angle\">&#xf57f;<\/span><\/span><span class=\"gem-icon-half-2\" style=\"\"><span class=\"back-angle\">&#xf57f;<\/span><\/span><\/div><\/div><\/div><div class=\"gem-icon-with-text-content\" ><div class=\"gem-icon-with-text-text\">[vc_column_text]<\/p>\n<div class=\"small-body\" style=\"text-align: center;\">Cross-country national champion 2018<br \/>\nSuperenduro national champion 2018<br \/>\nSuperenduro European Cup participant &#8230;<\/div>\n<p>[\/vc_column_text]<\/div><\/div><div class=\"clearboth\"><\/div><\/div><div class=\"socials socials-list socials-colored-hover socials-rounded socials-alignment-center\"><a class=\"socials-item\" target=\"_blank\" href=\"http:\/\/facebook.com\/dino.samarzija\" style=\"color: #3f99ff;\"><i class=\"socials-item-icon facebook\" style=\"font-size: 30px\"><\/i><\/a><a class=\"socials-item\" target=\"_blank\" href=\"https:\/\/www.instagram.com\/samarzija.dino\/\" style=\"color: #3f99ff;\"><i class=\"socials-item-icon instagram\" style=\"font-size: 30px\"><\/i><\/a><\/div>[\/vc_column_inner][vc_column_inner width=&#8221;1\/3&#8243; css=&#8221;.vc_custom_1673424648147{margin-left: 10px !important;padding-top: 5% !important;padding-right: 7% !important;padding-bottom: 5% !important;padding-left: 7% !important;background-color: #ffffff !important;border-radius: 15px !important;}&#8221;]<div class=\"centered-box gem-image-centered-box\"><div class=\"gem-image gem-wrapbox gem-wrapbox-style-14 gem-wrapbox-position-centered\"  style=\"width: 250px;height: 0px;\"><div class=\"gem-wrapbox-inner \" ><img class=\"gem-wrapbox-element img-responsive\" src=\"https:\/\/endurides.com\/wp-content\/uploads\/2023\/01\/borna_00.jpg\" alt=\"\"\/><\/div><\/div><\/div>[vc_column_text]<\/p>\n<div class=\"team-person-name title-h4\" style=\"text-align: center;\">Borna Gr\u017din\u010ci\u0106<\/div>\n<div class=\"team-person-position date-color small-body\" style=\"text-align: center;\">\n<p>Bornas easy going attitude combined with his fine tuned skills on the bike make him the perfect guide for all riding levels. With his great empathy, he loves to motivate people and to teach and support wherever he can. His big smile id incredibly infectious and always makes for a nice atmosphere on the trails. In his huge riding area, borna knows every rock and can find the perfect playground for everyone.<\/p>\n<\/div>\n<div class=\"small-body\" style=\"text-align: center;\"><\/div>\n<div class=\"small-body\" style=\"text-align: center;\"><strong>Languages:<\/strong> German, English, Croatian<\/div>\n<p>[\/vc_column_text]<div class=\"gem-icon-with-text gem-icon-with-text-icon-size-small centered-box\" ><div style=\"margin-bottom:0px;margin-top:0px; \" class=\"gem-icon-with-text-icon\"><div class=\"gem-icon gem-icon-pack-material gem-icon-size-small  gem-icon-shape-square gem-simple-icon\"  style=\"opacity: 1;\"><div class=\"gem-icon-inner\" style=\"\"><span class=\"gem-icon-half-1\" style=\"\"><span class=\"back-angle\">&#xf57f;<\/span><\/span><span class=\"gem-icon-half-2\" style=\"\"><span class=\"back-angle\">&#xf57f;<\/span><\/span><\/div><\/div><\/div><div class=\"gem-icon-with-text-content\" ><div class=\"gem-icon-with-text-text\">[vc_column_text]<\/p>\n<div class=\"small-body\" style=\"text-align: center;\">Avanda Rocks M\u00e9xico 3rd categor\u00eda Plata<\/div>\n<p>[\/vc_column_text]<\/div><\/div><div class=\"clearboth\"><\/div><\/div><div class=\"socials socials-list socials-colored-hover socials-rounded socials-alignment-center\"><a class=\"socials-item\" target=\"_blank\" href=\"https:\/\/www.instagram.com\/borna.grzincic87\" style=\"color: #3f99ff;\"><i class=\"socials-item-icon instagram\" style=\"font-size: 30px\"><\/i><\/a><\/div>[\/vc_column_inner][\/vc_row_inner]<div class=\"clearboth\"><\/div><div class=\"gem-divider \" style=\"margin-top: 110px;\"><\/div>[\/vc_column][\/vc_row][vc_row css=&#8221;.vc_custom_1611840437098{margin-top: 20px !important;}&#8221;][vc_column css=&#8221;.vc_custom_1553140843394{padding-right: 0px !important;padding-left: 0px !important;}&#8221;][vc_column_text css=&#8221;.vc_custom_1618829258790{padding-right: 2% !important;padding-left: 2% !important;}&#8221;]<\/p>\n<div class=\"styled-subtitle\" style=\"text-align: center;\">We have put together the best tours for you, so there is a suitable route for every individual person as well as for every group. We want to offer you the greatest possible added value and an unforgettable adventure in the breathtaking landscape of Istria. Further we make it possible for you to discover the local culinary delights during our tours. Our goal is also to custom our tours to the individual wishes of our clients. In this way, we want to offer each of you the perfect Enduro experience.<\/div>\n<p>[\/vc_column_text]<div class=\"clearboth\"><\/div><div class=\"gem-divider divider-hidden\" style=\"margin-top: 100px;\"><\/div>[vc_column_text css=&#8221;.vc_custom_1618829282007{margin-top: -10px !important;}&#8221;]<\/p>\n<div class=\"styled-subtitle\">\n<h2 style=\"text-align: center;\">Why <strong>you<\/strong> should choose <strong>us<\/strong><\/h2>\n<\/div>\n<p>[\/vc_column_text]<div class=\"clearboth\"><\/div><div class=\"gem-divider divider-hidden\" style=\"margin-top: 100px;\"><\/div><div id=\"fullwidth-block-69ff33ca638df\" class=\"fullwidth-block clearfix\"  style=\"background-color: #000000;padding-top: 120px;padding-bottom: 90px;\"><script type=\"text\/javascript\">if (typeof(gem_fix_fullwidth_position) == \"function\") { gem_fix_fullwidth_position(document.getElementById(\"fullwidth-block-69ff33ca638df\")); }<\/script><div class=\"fullwidth-block-background\" style=\"background-image: url(https:\/\/endurides.com\/wp-content\/uploads\/2021\/01\/Endurides-2020-highlight_c.jpg);background-repeat: no-repeat; background-size: cover;background-position: center top;\"><\/div><div class=\"fullwidth-block-inner\"><div class=\"container\">[vc_row_inner][vc_column_inner width=&#8221;1\/3&#8243; css=&#8221;.vc_custom_1544625039867{padding-top: 0px !important;}&#8221;][vc_column_text]<\/p>\n<div class=\"title-xlarge\" style=\"text-align: center;\"><span style=\"color: #ffffff;\">01.<\/span><\/div>\n<div class=\"title-h5\" style=\"text-align: center;\"><span style=\"color: #ffffff;\">Familiar atmosphere<\/span><\/div>\n<p>[\/vc_column_text][\/vc_column_inner][vc_column_inner width=&#8221;1\/3&#8243; css=&#8221;.vc_custom_1544625177537{padding-top: 0px !important;}&#8221;][vc_column_text]<\/p>\n<div class=\"title-xlarge\" style=\"text-align: center;\"><span style=\"color: #ffffff;\">02.<\/span><\/div>\n<div class=\"title-h5\" style=\"text-align: center;\"><span style=\"color: #ffffff;\">Brand new KTM rental bikes twice a year with all the latest models <\/span><\/div>\n<p>[\/vc_column_text][\/vc_column_inner][vc_column_inner width=&#8221;1\/3&#8243; css=&#8221;.vc_custom_1544625188723{padding-top: 0px !important;}&#8221;][vc_column_text]<\/p>\n<div class=\"title-xlarge\" style=\"text-align: center;\"><span style=\"color: #ffffff;\">03.<\/span><\/div>\n<div class=\"title-h5\" style=\"text-align: center;\"><span style=\"color: #ffffff;\">Sustainable responsibility <\/span><\/div>\n<p>[\/vc_column_text][\/vc_column_inner][\/vc_row_inner]<\/div><\/div><div class=\"fullwidth-bottom-marker marker-direction-outside\"><svg width=\"140\" height=\"70\" style=\"fill: #000000\"><path d=\"M 0,0 Q 65,5 70,70 Q 75,5 140,0\" \/><\/svg><\/div><\/div>[\/vc_column][\/vc_row][vc_row css=&#8221;.vc_custom_1553110821283{margin-top: 100px !important;margin-bottom: 20px !important;}&#8221; el_class=&#8221;.custom-counter&#8221;][vc_column el_class=&#8221;custom-counter&#8221;]<div data-number-format=\"(ddd).ddd\" class=\"gem-counter-box row inline-row inline-row-center gem-counter-style-1 lazy-loading lazy-loading-not-hide\" ><div class=\"gem-counter col-md-4 col-sm-6 col-xs-12 inline-column gem-counter-effect-simple\" ><div class=\"gem-counter-inner\"><div class=\"gem-counter-icon\"><div class=\"gem-icon gem-icon-pack-material gem-icon-size-xlarge  gem-icon-shape-square gem-simple-icon\"  style=\"opacity: 1;\"><div class=\"gem-icon-inner\" style=\"\"><span class=\"gem-icon-half-1\" style=\"color: #00aaf1;\"><span class=\"back-angle\">&#xf57f;<\/span><\/span><span class=\"gem-icon-half-2\" style=\"color: #00aaf1;\"><span class=\"back-angle\">&#xf57f;<\/span><\/span><\/div><\/div><\/div><div class=\"gem-counter-number\"><div class=\"gem-counter-odometer\" data-to=\"20\">0<\/div><span class=\"gem-counter-suffix\">+<\/span><\/div><\/div><\/div><\/div>[vc_column_text css=&#8221;.vc_custom_1618655470405{margin-top: -50px !important;}&#8221;]<\/p>\n<div class=\"title-h5\" style=\"text-align: center;\">YEARS OF EXPERIENCE<\/div>\n<p>[\/vc_column_text]<div class=\"clearboth\"><\/div><div class=\"gem-divider divider-hidden\" style=\"margin-top: 100px;\"><\/div>[\/vc_column][\/vc_row]<\/p>","protected":false},"excerpt":{"rendered":"<p>[vc_row equal_height=&#8221;yes&#8221; content_placement=&#8221;middle&#8221; disable_custom_paddings_tablet=&#8221;true&#8221; disable_custom_paddings_mobile=&#8221;true&#8221;][vc_column width=&#8221;1\/2&#8243;][vc_column_text] Our philosophy Our goal&#8230;<\/p>\n","protected":false},"author":1,"featured_media":0,"parent":0,"menu_order":0,"comment_status":"closed","ping_status":"closed","template":"","meta":[],"_links":{"self":[{"href":"https:\/\/endurides.com\/en\/wp-json\/wp\/v2\/pages\/1176"}],"collection":[{"href":"https:\/\/endurides.com\/en\/wp-json\/wp\/v2\/pages"}],"about":[{"href":"https:\/\/endurides.com\/en\/wp-json\/wp\/v2\/types\/page"}],"author":[{"embeddable":true,"href":"https:\/\/endurides.com\/en\/wp-json\/wp\/v2\/users\/1"}],"replies":[{"embeddable":true,"href":"https:\/\/endurides.com\/en\/wp-json\/wp\/v2\/comments?post=1176"}],"version-history":[{"count":4,"href":"https:\/\/endurides.com\/en\/wp-json\/wp\/v2\/pages\/1176\/revisions"}],"predecessor-version":[{"id":3952,"href":"https:\/\/endurides.com\/en\/wp-json\/wp\/v2\/pages\/1176\/revisions\/3952"}],"wp:attachment":[{"href":"https:\/\/endurides.com\/en\/wp-json\/wp\/v2\/media?parent=1176"}],"curies":[{"name":"wp","href":"https:\/\/api.w.org\/{rel}","templated":true}]}}