{"id":2,"date":"2018-12-26T08:35:44","date_gmt":"2018-12-26T08:35:44","guid":{"rendered":"http:\/\/democontent.codex-themes.com\/sites\/logistics\/?page_id=2"},"modified":"2024-12-09T10:16:35","modified_gmt":"2024-12-09T10:16:35","slug":"sample-page","status":"publish","type":"page","link":"https:\/\/endurides.com\/en\/","title":{"rendered":"Home"},"content":{"rendered":"<p>[vc_row][vc_column offset=&#8221;vc_hidden-sm vc_hidden-xs&#8221;]\t\t\t<script src=\"\/\/endurides.com\/wp-content\/plugins\/revslider\/public\/assets\/js\/rbtools.min.js?rev=6.5.16\"><\/script>\n\t\t\t<script src=\"\/\/endurides.com\/wp-content\/plugins\/revslider\/public\/assets\/js\/rs6.min.js?rev=6.5.16\"><\/script>\n\n\t\t\t<!-- START Endurides Video REVOLUTION SLIDER 6.5.16 --><p class=\"rs-p-wp-fix\"><\/p>\n\t\t\t<rs-module-wrap id=\"rev_slider_1_2_wrapper\" data-source=\"gallery\" style=\"visibility:hidden;background:#303241;padding:0;\">\n\t\t\t\t<rs-module id=\"rev_slider_1_2\" style=\"\" data-version=\"6.5.16\">\n\t\t\t\t\t<rs-slides>\n\t\t\t\t\t\t<rs-slide style=\"position: absolute;\" data-key=\"rs-1\" data-title=\"Slide\" data-anim=\"ms:1500;r:0;f:random;\" data-in=\"o:0;sx:1.1;sy:1.1;m:true;row:5;col:5;\" data-out=\"a:false;\">\n\t\t\t\t\t\t\t<img src=\"\/\/endurides.com\/wp-content\/plugins\/revslider\/public\/assets\/assets\/dummy.png\" alt=\"Slide\" title=\"Home\" class=\"rev-slidebg tp-rs-img rs-lazyload\" data-lazyload=\"\/\/endurides.com\/wp-content\/plugins\/revslider\/public\/assets\/assets\/transparent.png\" data-no-retina>\n<!--\n\t\t\t\t\t\t\t--><rs-layer\n\t\t\t\t\t\t\t\tid=\"slider-1-slide-1-layer-0\" \n\t\t\t\t\t\t\t\tclass=\"rs-fsv rs-layer-video intrinsic-ignore\"\n\t\t\t\t\t\t\t\tdata-type=\"video\"\n\t\t\t\t\t\t\t\tdata-rsp_ch=\"on\"\n\t\t\t\t\t\t\t\tdata-xy=\"x:0;y:0;\"\n\t\t\t\t\t\t\t\tdata-text=\"w:normal;s:20,16,16,16;l:0,20,20,20;\"\n\t\t\t\t\t\t\t\tdata-dim=\"w:100%;h:100%;\"\n\t\t\t\t\t\t\t\tdata-actions='o:mouseenter;a:unmutevideo;layer:slider-1-slide-1-layer-0;'\n\t\t\t\t\t\t\t\tdata-basealign=\"slide\"\n\t\t\t\t\t\t\t\tdata-video=\"vd:100;rwd:f;fc:true;l:true;ptimer:false;nse:f;\"\n\t\t\t\t\t\t\t\tdata-poster=\"\/\/endurides.com\/wp-content\/uploads\/2021\/01\/Endurides-2020-30-von-72.jpg\"\n\t\t\t\t\t\t\t\tdata-vimeoid=\"499132427\"\n\t\t\t\t\t\t\t\tdata-vatr=\"background=1&amp;title=0&amp;byline=0&amp;portrait=0&amp;api=1\"\n\t\t\t\t\t\t\t\tdata-frame_999=\"o:0;st:w;\"\n\t\t\t\t\t\t\t\tstyle=\"z-index:8;\"\n\t\t\t\t\t\t\t>\n\t\t\t\t\t\t\t<\/rs-layer><!--\n-->\t\t\t\t\t\t<\/rs-slide>\n\t\t\t\t\t<\/rs-slides>\n\t\t\t\t\t<rs-static-layers class=\"rs-stl-visible\"><!--\n\t\t\t\t\t--><\/rs-static-layers>\n\t\t\t\t<\/rs-module>\n\t\t\t\t<script>\n\t\t\t\t\tsetREVStartSize({c: 'rev_slider_1_2',rl:[1240,1024,1024,1024],el:[868,768,768,768],gw:[1240,1024,1024,1024],gh:[868,768,768,768],type:'standard',justify:'',layout:'fullscreen',offsetContainer:'',offset:'',mh:\"0\"});if (window.RS_MODULES!==undefined && window.RS_MODULES.modules!==undefined && window.RS_MODULES.modules[\"revslider12\"]!==undefined) {window.RS_MODULES.modules[\"revslider12\"].once = false;window.revapi1_2 = undefined;if (window.RS_MODULES.checkMinimal!==undefined) window.RS_MODULES.checkMinimal()}\n\t\t\t\t<\/script>\n\t\t\t<\/rs-module-wrap>\n\t\t\t<!-- END REVOLUTION SLIDER -->\n[\/vc_column][\/vc_row][vc_row full_height=&#8221;yes&#8221; content_placement=&#8221;middle&#8221; css=&#8221;.vc_custom_1618833822840{margin-top: 40px !important;}&#8221; el_id=&#8221;enduro_mobile&#8221;][vc_column offset=&#8221;vc_hidden-lg vc_hidden-md&#8221; css=&#8221;.vc_custom_1618654123135{margin-top: 60px !important;}&#8221;][vc_column_text]<\/p>\n<div class=\"title-h2\" style=\"text-align: center;\"><span style=\"color: #3f99ff;\">Welcome to Endurides!<\/span><\/div>\n<div style=\"text-align: center;\"><em>Are you ready for an exciting adventure?<\/em><\/div>\n<p>[\/vc_column_text]<div class=\"gem-vimeo gem-wrapbox gem-wrapbox-style-no-style rounded-corners gem-wrapbox-position-below\" style=\"width: 100%;\"><div class=\"gem-wrapbox-inner gem-ratio-style\" style=\"padding-top: 56.25%\"><iframe webkitallowfullscreen=\"true\" mozallowfullscreen=\"true\" allowfullscreen=\"true\" class=\"gem-wrapbox-element img-responsive\" frameborder=\"0\" scrolling=\"no\" marginheight=\"0\" marginwidth=\"0\" src=\"\/\/player.vimeo.com\/video\/499132427?title=0&amp;byline=0&amp;portrait=0 \"><\/iframe><\/div><\/div>[vc_column_text]<\/p>\n<p style=\"text-align: center;\">As the leading enduro tour operator in Istria, we have made it our business to offer you an unforgettable experience in the middle of the beautiful Croatian landscape. Based on our experience, we can offer you individual enduro training to optimally combine fun and training results.<\/p>\n<p>[\/vc_column_text][vc_column_text]<\/p>\n<div class=\"title-h3\" style=\"text-align: center;\"><span style=\"color: #3f99ff;\">Become a part of the community!<\/span><\/div>\n<p>[\/vc_column_text]<div class=\"preloader save-space\"><div class=\"preloader-spin\"><\/div><\/div> <div class=\"portfolio-preloader-wrapper\"> <div class=\"portfolio portfolio-grid no-padding portfolio-pagination-normal portfolio-style-masonry background-style-white title-style-light hover-default title-on-page caption-position-right loading-animation item-animation-move-up fullwidth-columns fullwidth-columns-4 portfolio-items-masonry columns-5 next-page-preloading filters-preloading\" data-portfolio-uid=\"0a2575b\" data-current-page=\"1\" data-per-page=\"3\" data-next-page=\"0\" data-pages-count=\"1\" data-hover=\"default\"> <div class=\"portfolio-row-outer fullwidth-block no-paddings\"> <div class=\"row portfolio-row\" style=\"margin: 0;padding-left: 21px;padding-right: 21px;\"> <div class=\"portfolio-set clearfix\" data-max-row-height=\"380\"> <div class=\"portfolio-item packages item-animations-not-inited post-1301 thegem_pf_item type-thegem_pf_item status-publish has-post-thumbnail\" style=\"padding: 21px;\" data-default-sort=\"0\" data-sort-date=\"1611725004\"> <div class=\"wrap clearfix\"> <div class=\"image post-1301 thegem_pf_item type-thegem_pf_item status-publish has-post-thumbnail\"> <div class=\"image-inner\"> <picture> <source srcset=\"https:\/\/endurides.com\/wp-content\/uploads\/2021\/01\/P1040493_01-thegem-portfolio-masonry-2x-500.jpg 1x, https:\/\/endurides.com\/wp-content\/uploads\/2021\/01\/P1040493_01.jpg 2x\" media=\"(max-width: 550px)\" sizes=\"100vw\"> <source srcset=\"https:\/\/endurides.com\/wp-content\/uploads\/2021\/01\/P1040493_01-thegem-portfolio-masonry-fullwidth-5x.jpg 1x, https:\/\/endurides.com\/wp-content\/uploads\/2021\/01\/P1040493_01.jpg 2x\" media=\"(min-width: 1280px) and (max-width: 1495px)\" sizes=\"100vw\"> <source srcset=\"https:\/\/endurides.com\/wp-content\/uploads\/2021\/01\/P1040493_01-thegem-portfolio-masonry-fullwidth-4x.jpg 1x, https:\/\/endurides.com\/wp-content\/uploads\/2021\/01\/P1040493_01.jpg 2x\" media=\"(max-width: 1920px)\" sizes=\"100vw\"> <img src=\"https:\/\/endurides.com\/wp-content\/uploads\/2021\/01\/P1040493_01-thegem-portfolio-masonry.jpg\" width=\"754\" height=\"424\" class=\"attachment-thegem-portfolio-masonry\" alt=\"ENDURIDES STARTER\" \/> <\/picture> <\/div> <div class=\"overlay\"> <div class=\"overlay-circle\"><\/div> <div class=\"links-wrapper\"> <div class=\"links\"> <div class=\"portfolio-icons\"> <a href=\"https:\/\/endurides.com\/en\/service\/endurides-tour\/\" target=\"_self\" class=\"icon self-link \"><i class=\"default\"><\/i><\/a> <a href=\"javascript: void(0);\" class=\"icon share\"><i class=\"default\"><\/i><\/a> <div class=\"overlay-line\"><\/div> <div class=\"portfolio-sharing-pane\"> <div class=\"socials-sharing socials socials-colored-hover\"> <a class=\"socials-item\" target=\"_blank\" href=\"https:\/\/www.facebook.com\/sharer\/sharer.php?u=https%3A%2F%2Fendurides.com%2Fen%2Fservice%2Fendurides-tour%2F\" title=\"Facebook\"><i class=\"socials-item-icon facebook\"><\/i><\/a> <a class=\"socials-item\" target=\"_blank\" href=\"https:\/\/twitter.com\/intent\/tweet?text=ENDURIDES+STARTER&#038;url=https%3A%2F%2Fendurides.com%2Fen%2Fservice%2Fendurides-tour%2F\" title=\"Twitter\"><i class=\"socials-item-icon twitter\"><\/i><\/a> <a class=\"socials-item\" target=\"_blank\" href=\"https:\/\/pinterest.com\/pin\/create\/button\/?url=https%3A%2F%2Fendurides.com%2Fen%2Fservice%2Fendurides-tour%2F&#038;description=ENDURIDES+STARTER&#038;media=https%3A%2F%2Fendurides.com%2Fwp-content%2Fuploads%2F2021%2F01%2FP1040493_01-thegem-blog-timeline-large.jpg\" title=\"Pinterest\"><i class=\"socials-item-icon pinterest\"><\/i><\/a> <a class=\"socials-item\" target=\"_blank\" href=\"http:\/\/tumblr.com\/widgets\/share\/tool?canonicalUrl=https%3A%2F%2Fendurides.com%2Fen%2Fservice%2Fendurides-tour%2F\" title=\"Tumblr\"><i class=\"socials-item-icon tumblr\"><\/i><\/a> <a class=\"socials-item\" target=\"_blank\" href=\"https:\/\/www.linkedin.com\/shareArticle?mini=true&#038;url=https%3A%2F%2Fendurides.com%2Fen%2Fservice%2Fendurides-tour%2F&#038;title=ENDURIDES+STARTER&amp;summary=4+days+program\" title=\"LinkedIn\"><i class=\"socials-item-icon linkedin\"><\/i><\/a> <a class=\"socials-item\" target=\"_blank\" href=\"https:\/\/www.reddit.com\/submit?url=https%3A%2F%2Fendurides.com%2Fen%2Fservice%2Fendurides-tour%2F&#038;title=ENDURIDES+STARTER\" title=\"Reddit\"><i class=\"socials-item-icon reddit\"><\/i><\/a> <\/div> <\/div> <\/div> <\/div> <\/div> <\/div> <\/div> <div class=\"caption post-1301 thegem_pf_item type-thegem_pf_item status-publish has-post-thumbnail\" > <div class=\"title\" > ENDURIDES STARTER <\/div> <div class=\"caption-separator\" ><\/div> <div class=\"subtitle\" ><p>4 days program<\/p>\n<\/div> <\/div> <\/div> <\/div> <div class=\"portfolio-item packages item-animations-not-inited post-1302 thegem_pf_item type-thegem_pf_item status-publish has-post-thumbnail\" style=\"padding: 21px;\" data-default-sort=\"0\" data-sort-date=\"1611725390\"> <div class=\"wrap clearfix\"> <div class=\"image post-1302 thegem_pf_item type-thegem_pf_item status-publish has-post-thumbnail\"> <div class=\"image-inner\"> <picture> <source srcset=\"https:\/\/endurides.com\/wp-content\/uploads\/2021\/01\/Endurides-2020-35-von-72_00-thegem-portfolio-masonry-2x-500.jpg 1x, https:\/\/endurides.com\/wp-content\/uploads\/2021\/01\/Endurides-2020-35-von-72_00.jpg 2x\" media=\"(max-width: 550px)\" sizes=\"100vw\"> <source srcset=\"https:\/\/endurides.com\/wp-content\/uploads\/2021\/01\/Endurides-2020-35-von-72_00-thegem-portfolio-masonry-fullwidth-5x.jpg 1x, https:\/\/endurides.com\/wp-content\/uploads\/2021\/01\/Endurides-2020-35-von-72_00.jpg 2x\" media=\"(min-width: 1280px) and (max-width: 1495px)\" sizes=\"100vw\"> <source srcset=\"https:\/\/endurides.com\/wp-content\/uploads\/2021\/01\/Endurides-2020-35-von-72_00-thegem-portfolio-masonry-fullwidth-4x.jpg 1x, https:\/\/endurides.com\/wp-content\/uploads\/2021\/01\/Endurides-2020-35-von-72_00.jpg 2x\" media=\"(max-width: 1920px)\" sizes=\"100vw\"> <img src=\"https:\/\/endurides.com\/wp-content\/uploads\/2021\/01\/Endurides-2020-35-von-72_00-thegem-portfolio-masonry.jpg\" width=\"754\" height=\"424\" class=\"attachment-thegem-portfolio-masonry\" alt=\"LONG RIDE TOUR\" \/> <\/picture> <\/div> <div class=\"overlay\"> <div class=\"overlay-circle\"><\/div> <div class=\"links-wrapper\"> <div class=\"links\"> <div class=\"portfolio-icons\"> <a href=\"https:\/\/endurides.com\/en\/service\/long-ride-tour\/\" target=\"_self\" class=\"icon self-link \"><i class=\"default\"><\/i><\/a> <a href=\"javascript: void(0);\" class=\"icon share\"><i class=\"default\"><\/i><\/a> <div class=\"overlay-line\"><\/div> <div class=\"portfolio-sharing-pane\"> <div class=\"socials-sharing socials socials-colored-hover\"> <a class=\"socials-item\" target=\"_blank\" href=\"https:\/\/www.facebook.com\/sharer\/sharer.php?u=https%3A%2F%2Fendurides.com%2Fen%2Fservice%2Flong-ride-tour%2F\" title=\"Facebook\"><i class=\"socials-item-icon facebook\"><\/i><\/a> <a class=\"socials-item\" target=\"_blank\" href=\"https:\/\/twitter.com\/intent\/tweet?text=LONG+RIDE+TOUR&#038;url=https%3A%2F%2Fendurides.com%2Fen%2Fservice%2Flong-ride-tour%2F\" title=\"Twitter\"><i class=\"socials-item-icon twitter\"><\/i><\/a> <a class=\"socials-item\" target=\"_blank\" href=\"https:\/\/pinterest.com\/pin\/create\/button\/?url=https%3A%2F%2Fendurides.com%2Fen%2Fservice%2Flong-ride-tour%2F&#038;description=LONG+RIDE+TOUR&#038;media=https%3A%2F%2Fendurides.com%2Fwp-content%2Fuploads%2F2021%2F01%2FEndurides-2020-35-von-72_00-thegem-blog-timeline-large.jpg\" title=\"Pinterest\"><i class=\"socials-item-icon pinterest\"><\/i><\/a> <a class=\"socials-item\" target=\"_blank\" href=\"http:\/\/tumblr.com\/widgets\/share\/tool?canonicalUrl=https%3A%2F%2Fendurides.com%2Fen%2Fservice%2Flong-ride-tour%2F\" title=\"Tumblr\"><i class=\"socials-item-icon tumblr\"><\/i><\/a> <a class=\"socials-item\" target=\"_blank\" href=\"https:\/\/www.linkedin.com\/shareArticle?mini=true&#038;url=https%3A%2F%2Fendurides.com%2Fen%2Fservice%2Flong-ride-tour%2F&#038;title=LONG+RIDE+TOUR&amp;summary=7+days+program\" title=\"LinkedIn\"><i class=\"socials-item-icon linkedin\"><\/i><\/a> <a class=\"socials-item\" target=\"_blank\" href=\"https:\/\/www.reddit.com\/submit?url=https%3A%2F%2Fendurides.com%2Fen%2Fservice%2Flong-ride-tour%2F&#038;title=LONG+RIDE+TOUR\" title=\"Reddit\"><i class=\"socials-item-icon reddit\"><\/i><\/a> <\/div> <\/div> <\/div> <\/div> <\/div> <\/div> <\/div> <div class=\"caption post-1302 thegem_pf_item type-thegem_pf_item status-publish has-post-thumbnail\" > <div class=\"title\" > LONG RIDE TOUR <\/div> <div class=\"caption-separator\" ><\/div> <div class=\"subtitle\" ><p>7 days program<\/p>\n<\/div> <\/div> <\/div> <\/div> <div class=\"portfolio-item packages item-animations-not-inited post-1303 thegem_pf_item type-thegem_pf_item status-publish has-post-thumbnail\" style=\"padding: 21px;\" data-default-sort=\"0\" data-sort-date=\"1611725517\"> <div class=\"wrap clearfix\"> <div class=\"image post-1303 thegem_pf_item type-thegem_pf_item status-publish has-post-thumbnail\"> <div class=\"image-inner\"> <picture> <source srcset=\"https:\/\/endurides.com\/wp-content\/uploads\/2021\/01\/special-thegem-portfolio-masonry-2x-500.jpg 1x, https:\/\/endurides.com\/wp-content\/uploads\/2021\/01\/special-thegem-portfolio-masonry-double.jpg 2x\" media=\"(max-width: 550px)\" sizes=\"100vw\"> <source srcset=\"https:\/\/endurides.com\/wp-content\/uploads\/2021\/01\/special-thegem-portfolio-masonry-fullwidth-5x.jpg 1x, https:\/\/endurides.com\/wp-content\/uploads\/2021\/01\/special-thegem-portfolio-masonry-double.jpg 2x\" media=\"(min-width: 1280px) and (max-width: 1495px)\" sizes=\"100vw\"> <source srcset=\"https:\/\/endurides.com\/wp-content\/uploads\/2021\/01\/special-thegem-portfolio-masonry-fullwidth-4x.jpg 1x, https:\/\/endurides.com\/wp-content\/uploads\/2021\/01\/special-thegem-portfolio-masonry-double.jpg 2x\" media=\"(max-width: 1920px)\" sizes=\"100vw\"> <img src=\"https:\/\/endurides.com\/wp-content\/uploads\/2021\/01\/special-thegem-portfolio-masonry.jpg\" width=\"754\" height=\"334\" class=\"attachment-thegem-portfolio-masonry\" alt=\"DREAM TEAM SPECIAL\" \/> <\/picture> <\/div> <div class=\"overlay\"> <div class=\"overlay-circle\"><\/div> <div class=\"links-wrapper\"> <div class=\"links\"> <div class=\"portfolio-icons\"> <a href=\"https:\/\/endurides.com\/en\/service\/dream-team-special\/\" target=\"_self\" class=\"icon self-link \"><i class=\"default\"><\/i><\/a> <a href=\"javascript: void(0);\" class=\"icon share\"><i class=\"default\"><\/i><\/a> <div class=\"overlay-line\"><\/div> <div class=\"portfolio-sharing-pane\"> <div class=\"socials-sharing socials socials-colored-hover\"> <a class=\"socials-item\" target=\"_blank\" href=\"https:\/\/www.facebook.com\/sharer\/sharer.php?u=https%3A%2F%2Fendurides.com%2Fen%2Fservice%2Fdream-team-special%2F\" title=\"Facebook\"><i class=\"socials-item-icon facebook\"><\/i><\/a> <a class=\"socials-item\" target=\"_blank\" href=\"https:\/\/twitter.com\/intent\/tweet?text=DREAM+TEAM+SPECIAL&#038;url=https%3A%2F%2Fendurides.com%2Fen%2Fservice%2Fdream-team-special%2F\" title=\"Twitter\"><i class=\"socials-item-icon twitter\"><\/i><\/a> <a class=\"socials-item\" target=\"_blank\" href=\"https:\/\/pinterest.com\/pin\/create\/button\/?url=https%3A%2F%2Fendurides.com%2Fen%2Fservice%2Fdream-team-special%2F&#038;description=DREAM+TEAM+SPECIAL&#038;media=https%3A%2F%2Fendurides.com%2Fwp-content%2Fuploads%2F2021%2F01%2Fspecial-thegem-blog-timeline-large.jpg\" title=\"Pinterest\"><i class=\"socials-item-icon pinterest\"><\/i><\/a> <a class=\"socials-item\" target=\"_blank\" href=\"http:\/\/tumblr.com\/widgets\/share\/tool?canonicalUrl=https%3A%2F%2Fendurides.com%2Fen%2Fservice%2Fdream-team-special%2F\" title=\"Tumblr\"><i class=\"socials-item-icon tumblr\"><\/i><\/a> <a class=\"socials-item\" target=\"_blank\" href=\"https:\/\/www.linkedin.com\/shareArticle?mini=true&#038;url=https%3A%2F%2Fendurides.com%2Fen%2Fservice%2Fdream-team-special%2F&#038;title=DREAM+TEAM+SPECIAL&amp;summary=Group+or+individual+program\" title=\"LinkedIn\"><i class=\"socials-item-icon linkedin\"><\/i><\/a> <a class=\"socials-item\" target=\"_blank\" href=\"https:\/\/www.reddit.com\/submit?url=https%3A%2F%2Fendurides.com%2Fen%2Fservice%2Fdream-team-special%2F&#038;title=DREAM+TEAM+SPECIAL\" title=\"Reddit\"><i class=\"socials-item-icon reddit\"><\/i><\/a> <\/div> <\/div> <\/div> <\/div> <\/div> <\/div> <\/div> <div class=\"caption post-1303 thegem_pf_item type-thegem_pf_item status-publish has-post-thumbnail\" > <div class=\"title\" > DREAM TEAM SPECIAL <\/div> <div class=\"caption-separator\" ><\/div> <div class=\"subtitle\" ><p>Group or individual program<\/p>\n<\/div> <\/div> <\/div> <\/div> <\/div><!-- .portflio-set --> <div class=\"portfolio-item-size-container\"> <div class=\"portfolio-item item-animations-not-inited post-1303 thegem_pf_item type-thegem_pf_item status-publish has-post-thumbnail\" style=\"padding: 0 21px !important;\"> <\/div> <\/div> <\/div><!-- .row--> <div class=\"portfolio-navigator gem-pagination\"> <a href=\"#\" class=\"prev\"> <i class=\"default\"><\/i> <\/a> <div class=\"pages\"><\/div> <a href=\"#\" class=\"next\"> <i class=\"default\"><\/i> <\/a> <\/div> <\/div><!-- .full-width --> <\/div><!-- .portfolio--> <\/div><!-- .portfolio-preloader-wrapper-->[vc_column_text]<\/p>\n<div class=\"title-h3\" style=\"text-align: center;\"><span style=\"color: #3f99ff;\">Meet <strong>the team<\/strong><\/span><\/div>\n<p>[\/vc_column_text]<div class=\"centered-box gem-image-centered-box\"><div class=\"gem-image gem-wrapbox gem-wrapbox-style-14 gem-wrapbox-position-centered\"  style=\"width: 250px;height: 0px;\"><div class=\"gem-wrapbox-inner \" ><img class=\"gem-wrapbox-element img-responsive\" src=\"https:\/\/endurides.com\/wp-content\/uploads\/2021\/02\/enduride_bw52057_01.jpg\" alt=\"\"\/><\/div><\/div><\/div>[vc_column_text]<\/p>\n<div class=\"team-person-name title-h4\" style=\"text-align: center;\">MARKO PRODAN<\/div>\n<div class=\"team-person-position date-color small-body\" style=\"text-align: center;\">His many years of experience and his profound knowledge of the enduro sport built the base for the idea of founding Endurides. For this purpose, he has created various enduro tours with different levels of difficulty over the years, so now there is a tour for every difficulty level.<\/div>\n<div class=\"team-person-email\" style=\"text-align: center;\"><\/div>\n<div class=\"small-body\" style=\"text-align: center;\"><strong>Languages:<\/strong> German, English, Croatian, Italian<\/div>\n<p>[\/vc_column_text]<div class=\"gem-icon-with-text gem-icon-with-text-icon-size-small centered-box\" ><div style=\"margin-bottom:0px;margin-top:0px; \" class=\"gem-icon-with-text-icon\"><div class=\"gem-icon gem-icon-pack-material gem-icon-size-small  gem-icon-shape-square gem-simple-icon\"  style=\"opacity: 1;\"><div class=\"gem-icon-inner\" style=\"\"><span class=\"gem-icon-half-1\" style=\"\"><span class=\"back-angle\">&#xf57f;<\/span><\/span><span class=\"gem-icon-half-2\" style=\"\"><span class=\"back-angle\">&#xf57f;<\/span><\/span><\/div><\/div><\/div><div class=\"gem-icon-with-text-content\" ><div class=\"gem-icon-with-text-text\">[vc_column_text]<\/p>\n<div class=\"small-body\" style=\"text-align: center;\">4x national enduro champion<br \/>\n2x 3rd Red Bull Romaniacs Silver Class<br \/>\nISDE Germany silver medalist \u2026<\/div>\n<p>[\/vc_column_text]<\/div><\/div><div class=\"clearboth\"><\/div><\/div>[vc_zigzag css=&#8221;.vc_custom_1618654978171{padding-top: 10px !important;padding-bottom: 10px !important;}&#8221;]<div class=\"centered-box gem-image-centered-box\"><div class=\"gem-image gem-wrapbox gem-wrapbox-style-14 gem-wrapbox-position-centered\"  style=\"width: 250px;height: 0px;\"><div class=\"gem-wrapbox-inner \" ><img class=\"gem-wrapbox-element img-responsive\" src=\"https:\/\/endurides.com\/wp-content\/uploads\/2021\/02\/dino_01.jpg\" alt=\"\"\/><\/div><\/div><\/div>[vc_column_text]<\/p>\n<div class=\"team-person-name title-h4\" style=\"text-align: center;\">DINO SAMAR\u017dIJA<\/div>\n<div class=\"team-person-position date-color small-body\" style=\"text-align: center;\">Dino is a skilled enduro guide, he is very familiar with the region and always has a smile on his face. In particular, he has the ability to custom each tour to the individual needs of his clients. He can adjust the difficulty of the tours at ay time to ensure maximum riding pleasure at any time.<\/div>\n<div class=\"small-body\" style=\"text-align: center;\"><\/div>\n<div class=\"small-body\" style=\"text-align: center;\"><strong>Languages:<\/strong> German, English, Croatian<\/div>\n<p>[\/vc_column_text]<div class=\"gem-icon-with-text gem-icon-with-text-icon-size-small centered-box\" ><div style=\"margin-bottom:0px;margin-top:0px; \" class=\"gem-icon-with-text-icon\"><div class=\"gem-icon gem-icon-pack-material gem-icon-size-small  gem-icon-shape-square gem-simple-icon\"  style=\"opacity: 1;\"><div class=\"gem-icon-inner\" style=\"\"><span class=\"gem-icon-half-1\" style=\"\"><span class=\"back-angle\">&#xf57f;<\/span><\/span><span class=\"gem-icon-half-2\" style=\"\"><span class=\"back-angle\">&#xf57f;<\/span><\/span><\/div><\/div><\/div><div class=\"gem-icon-with-text-content\" ><div class=\"gem-icon-with-text-text\">[vc_column_text]<\/p>\n<div class=\"small-body\" style=\"text-align: center;\">\n<div class=\"small-body\" style=\"text-align: center;\">Cross-country national champion 2018<br \/>\nSuperenduro national champion 2018<br \/>\nSuperenduro European Cup participant \u2026<\/div>\n<\/div>\n<p>[\/vc_column_text]<\/div><\/div><div class=\"clearboth\"><\/div><\/div>[vc_zigzag css=&#8221;.vc_custom_1618654978171{padding-top: 10px !important;padding-bottom: 10px !important;}&#8221;]<div class=\"centered-box gem-image-centered-box\"><div class=\"gem-image gem-wrapbox gem-wrapbox-style-14 gem-wrapbox-position-centered\"  style=\"width: 250px;height: 0px;\"><div class=\"gem-wrapbox-inner \" ><img class=\"gem-wrapbox-element img-responsive\" src=\"https:\/\/endurides.com\/wp-content\/uploads\/2023\/01\/borna_00.jpg\" alt=\"\"\/><\/div><\/div><\/div>[vc_column_text]<\/p>\n<div class=\"team-person-name title-h4\" style=\"text-align: center;\">Borna Gr\u017din\u010ci\u0106<\/div>\n<div class=\"team-person-position date-color small-body\" style=\"text-align: center;\">Bornas easy going attitude combined with his fine tuned skills on the bike make him the perfect guide for all riding levels. With his great empathy, he loves to motivate people and to teach and support wherever he can. His big smile id incredibly infectious and always makes for a nice atmosphere on the trails. In his huge riding area, borna knows every rock and can find the perfect playground for everyone.<\/div>\n<div class=\"small-body\" style=\"text-align: center;\"><\/div>\n<div class=\"small-body\" style=\"text-align: center;\"><strong>Languages:<\/strong> German, English, Croatian<\/div>\n<p>[\/vc_column_text]<div class=\"gem-icon-with-text gem-icon-with-text-icon-size-small centered-box\" ><div style=\"margin-bottom:0px;margin-top:0px; \" class=\"gem-icon-with-text-icon\"><div class=\"gem-icon gem-icon-pack-material gem-icon-size-small  gem-icon-shape-square gem-simple-icon\"  style=\"opacity: 1;\"><div class=\"gem-icon-inner\" style=\"\"><span class=\"gem-icon-half-1\" style=\"\"><span class=\"back-angle\">&#xf57f;<\/span><\/span><span class=\"gem-icon-half-2\" style=\"\"><span class=\"back-angle\">&#xf57f;<\/span><\/span><\/div><\/div><\/div><div class=\"gem-icon-with-text-content\" ><div class=\"gem-icon-with-text-text\">[vc_column_text]<\/p>\n<div class=\"small-body\" style=\"text-align: center;\">\n<div class=\"small-body\" style=\"text-align: center;\">Avanda Rocks M\u00e9xico 3rd categor\u00eda Plata<\/div>\n<\/div>\n<p>[\/vc_column_text]<\/div><\/div><div class=\"clearboth\"><\/div><\/div>[\/vc_column][\/vc_row]<\/p>","protected":false},"excerpt":{"rendered":"<p>[vc_row][vc_column offset=&#8221;vc_hidden-sm vc_hidden-xs&#8221;][\/vc_column][\/vc_row][vc_row full_height=&#8221;yes&#8221; content_placement=&#8221;middle&#8221; css=&#8221;.vc_custom_1618833822840{margin-top: 40px !important;}&#8221; el_id=&#8221;enduro_mobile&#8221;][vc_column offset=&#8221;vc_hidden-lg&#8230;<\/p>\n","protected":false},"author":1,"featured_media":0,"parent":0,"menu_order":0,"comment_status":"closed","ping_status":"open","template":"","meta":[],"_links":{"self":[{"href":"https:\/\/endurides.com\/en\/wp-json\/wp\/v2\/pages\/2"}],"collection":[{"href":"https:\/\/endurides.com\/en\/wp-json\/wp\/v2\/pages"}],"about":[{"href":"https:\/\/endurides.com\/en\/wp-json\/wp\/v2\/types\/page"}],"author":[{"embeddable":true,"href":"https:\/\/endurides.com\/en\/wp-json\/wp\/v2\/users\/1"}],"replies":[{"embeddable":true,"href":"https:\/\/endurides.com\/en\/wp-json\/wp\/v2\/comments?post=2"}],"version-history":[{"count":4,"href":"https:\/\/endurides.com\/en\/wp-json\/wp\/v2\/pages\/2\/revisions"}],"predecessor-version":[{"id":3956,"href":"https:\/\/endurides.com\/en\/wp-json\/wp\/v2\/pages\/2\/revisions\/3956"}],"wp:attachment":[{"href":"https:\/\/endurides.com\/en\/wp-json\/wp\/v2\/media?parent=2"}],"curies":[{"name":"wp","href":"https:\/\/api.w.org\/{rel}","templated":true}]}}